{"id":433,"date":"2023-01-17T20:22:03","date_gmt":"2023-01-17T19:22:03","guid":{"rendered":"http:\/\/fvg-talentshow.it\/?page_id=433"},"modified":"2023-03-01T20:32:28","modified_gmt":"2023-03-01T19:32:28","slug":"regolamento","status":"publish","type":"page","link":"http:\/\/fvg-talentshow.it\/?page_id=433","title":{"rendered":"Regolamento"},"content":{"rendered":"\n<p style=\"font-size:41px\"><strong>Regolamento<\/strong><\/p>\n\n\n\n<p><strong>Art. 1 &#8211; FVG Talent Show \u2013 5<sup>a <\/sup>Edizione<\/strong><\/p>\n\n\n\n<p>Il Collettivo Terzo Teatro APS di Gorizia, con il sostegno della Regione Autonoma Friuli Venezia Giulia, del Comune di Gorizia, della Fondazione Cassa di Risparmio di Gorizia e di sponsor privati, organizza in Friuli Venezia Giulia la quinta edizione di FVG Talent Show.<\/p>\n\n\n\n<p>L\u2019iniziativa ha carattere multidisciplinare e si propone di scoprire nuovi talenti nel campo della <strong>musica<\/strong> (moderna, classica e lirica), della <strong>danza<\/strong> (classica, moderna, contemporanea e hip-hop) e del <strong>teatro<\/strong> (attori, cabarettisti, imitatori, illusionisti, acrobati, ecc.) avvicinandoli al palcoscenico in maniera professionale. I performer potranno presentarsi singolarmente, in coppia o in gruppo. All\u2019interno della categoria prescelta i partecipanti potranno anche possibile esibirsi sia come solisti che in gruppo ma, in questo caso, dovranno effettuare una duplice iscrizione. Il <strong><em>5\u00b0 <\/em><\/strong><strong><em>FVG Talent Show <\/em><\/strong>\u00e8 aperto a tutti i performer residenti in ambito regionale, nazionale ed europeo e<strong> <\/strong>sar\u00e0 suddiviso <strong>in tre fasi<\/strong>:<em> casting, ripescaggio e finale.<\/em><\/p>\n\n\n\n<p><strong>Art. 2&nbsp; <\/strong><strong><em>Et\u00e0 di partecipazione<\/em><\/strong><\/p>\n\n\n\n<p>Per la <em>sezione danza<\/em> possono partecipare tutti coloro che al momento dell\u2019iscrizione abbiano un\u2019et\u00e0 compresa fra i 10 e i 28 anni, per la <em>sezione musica<\/em> dai 15 in su e per la <em>sezione teatro<\/em> dai 18 in su. Tutti i partecipanti &#8211; che possono provenire dal Friuli Venezia Giulia, da fuori Regione, ma anche da qualunque Paese straniero &#8211; dovranno firmare una liberatoria per la privacy e l\u2019utilizzo d\u2019immagine. Per i minori \u00e8 prevista anche la firma di un\u2019autorizzazione liberatoria da parte dei genitori o di chi ne fa le veci.&nbsp;<strong><\/strong><\/p>\n\n\n\n<p><strong>Art. 3 &#8211; Iscrizione<\/strong><\/p>\n\n\n\n<p><strong>Le iscrizioni si apriranno il 18 gennaio 2023 e si chiuderanno il 10 marzo 2023<\/strong>. \u00c8 previsto il pagamento di una quota d\u2019iscrizione di \u20ac 25,00 per singoli, di \u20ac 40,00 per le coppie e di \u20ac 50,00 per i gruppi (formazioni dai 3 partecipanti in su) che andr\u00e0 versata con bonifico su c\/c intestato al Collettivo Terzo Teatro c\/o Banca di Cividale Gorizia 3 &#8211; <strong>IBAN IT58R0548412400CC0460412025<\/strong> specificando la causale: <strong><em>Iscrizione 5\u00b0 FVG Talent Show<\/em><\/strong>.<\/p>\n\n\n\n<p>Tutti gli iscritti dovranno compilare un\u2019apposita domanda d\u2019iscrizione (scaricabile anche dal sito <a href=\"http:\/\/www.fvg-talentshow.it\"><em>www.fvg-talentshow.it<\/em><\/a><em> <\/em>) specificando i dati personali ed il genere artistico con cui intendono partecipare.<\/p>\n\n\n\n<p>\u00c8 prevista anche la possibilit\u00e0 di compilare un modulo online dove inserire i dati e caricare link al video e documenti (<a href=\"https:\/\/docs.google.com\/forms\/d\/e\/1FAIpQLSf87F43Zn08lTih89GYeVf4V72P4Lfu3uabUyFiBa1CeJpiFQ\/viewform\" data-type=\"URL\" data-id=\"https:\/\/docs.google.com\/forms\/d\/e\/1FAIpQLSf87F43Zn08lTih89GYeVf4V72P4Lfu3uabUyFiBa1CeJpiFQ\/viewform\">cliccando qui<\/a>).<\/p>\n\n\n\n<p>I concorrenti a <em>FVG Talent Show<\/em> dovranno essere liberi da impegni contrattuali discografici ed esclusive artistiche.<\/p>\n\n\n\n<p><strong>Art. 4 \u2013 Documentazione<\/strong><\/p>\n\n\n\n<p>Alla <strong>domanda d\u2019iscrizione<\/strong>, compilata in tutte le sue parti, pena l\u2019esclusione, dovranno essere <strong>allegati<\/strong>:<\/p>\n\n\n\n<p>a &#8211; un video della performance in concorso&nbsp;di musica, danza o teatro. Si precisa che esso deve essere registrato a camera fissa e senza montaggi con i candidati che siano ben visibili.<\/p>\n\n\n\n<p>Il video deve essere caricato sul proprio account YouTube con visualizzazione pubblica e invio del relativo link;<\/p>\n\n\n\n<p>b &#8211; fotocopia del documento d\u2019identit\u00e0 valido relativo al partecipante o a tutti i componenti nel caso di un gruppo oltre che all\u2019esercente la patria potest\u00e0 se trattasi di un minorenne;<\/p>\n\n\n\n<p>c &#8211; copia del bonifico regolarmente effettuato;<\/p>\n\n\n\n<p>d &#8211; foto recente del\/dei partecipanti ed un sintetico curriculum artistico;<\/p>\n\n\n\n<p>e &#8211; liberatoria per la privacy firmata ai sensi di legge.<\/p>\n\n\n\n<p>Per i partecipanti minorenni \u00e8 tassativa al momento dell\u2019iscrizione la firma di un esercente la patria potest\u00e0 e la compilazione della dichiarazione liberatoria minorenni.<\/p>\n\n\n\n<p><strong>Tutto il materiale dovr\u00e0 essere inviato esclusivamente via mail a: <\/strong><a href=\"mailto:fvgtalentshow@gmail.com\"><strong>fvgtalentshow@gmail.com<\/strong><\/a><strong>.<\/strong><\/p>\n\n\n\n<p><strong>Art. 5 \u2013 Casting<\/strong><\/p>\n\n\n\n<p>Il casting, anche per favorire la partecipazione di artisti provenienti da tutt\u2019Italia e dall\u2019estero, avr\u00e0 luogo esclusivamente in modalit\u00e0 online visionando il video inviato da ciascun partecipante che dovr\u00e0 contenere:<\/p>\n\n\n\n<p><em>&#8211; un brano musicale<\/em> (originale o cover) della durata massima di 4 minuti ciascuno per i cantanti e le band (5 solo per i cantanti lirici);<\/p>\n\n\n\n<p>&#8211; <em>una <\/em><em>coreografia<\/em> per i ballerini (durata massima: assolo 2 minuti e mezzo, duetto 3 minuti, gruppo 4 minuti);<\/p>\n\n\n\n<p>&#8211; <em>una performance<\/em> per la sezione \u201cteatro\u201d di un massimo di 5 minuti per attori, cabarettisti, imitatori, illusionisti e acrobati.<\/p>\n\n\n\n<p>Le prestazioni artistiche di durata superiore a quella prevista non saranno considerate.<\/p>\n\n\n\n<p>Una qualificata giuria di esperti valuter\u00e0 tutti i video inviati e, dopo una prima scrematura di selezione, ammetter\u00e0 i migliori 18 artisti alla finale.<\/p>\n\n\n\n<p><strong>Art. 6 \u2013 Ripescaggio<\/strong><\/p>\n\n\n\n<p>I primi 10 artisti esclusi nei casting dalla giuria di esperti parteciperanno alla seconda fase del<em> 5\u00b0 FVG Talent Show<\/em>: \u201cripescaggio\u201d. Le performance dei 10 sfidanti (solo se autorizzate nel modulo privacy) verranno pubblicate online sulle piattaforme social ed i 4 pi\u00f9 votati avranno la possibilit\u00e0 di essere ammessi alla fase finale.<\/p>\n\n\n\n<p><strong>Art. 7 &#8211; Finale<\/strong><\/p>\n\n\n\n<p>I 22 migliori performer che avranno superato le due fasi eliminatorie (18 scelti dalla giuria tecnica e 4 dal pubblico) accederanno alla serata finale che avr\u00e0 luogo in presenza. I finalisti si esibiranno in teatro con la stessa coreografia, performance o lo stesso brano musicale, ma si potranno anche presentare con un nuovo lavoro. La serata conclusiva si terr\u00e0 <strong>sabato&nbsp;25 marzo 2023 <\/strong>a Gorizia.&nbsp;La giuria tecnica valuter\u00e0 le prove dei finalisti. I migliori artisti di ciascuna delle tre sezioni del talent: danza, musica e teatro in gara verranno scritturati per le nuove produzioni multidisciplinari del \u201cTerzo Teatro\u201d nel percorso verso Nova Gorica-Gorizia Capitale Europea della Cultura 2025.&nbsp; Se dovessero ripresentarsi le limitazioni a causa della pandemia, la serata finale avr\u00e0 luogo senza il pubblico.<\/p>\n\n\n\n<p><strong>Art. 8 &#8211; Il pubblico<\/strong><\/p>\n\n\n\n<p>Ogni performer potr\u00e0 contare sull\u2019apporto dei suoi sostenitori. Oltre ai 4 ripescaggi che verranno decisi in base alle votazioni online, anche in occasione della serata finale gli spettatori verranno direttamente coinvolti ed avranno la possibilit\u00e0 di esprimere il loro gradimento per i propri beniamini. All\u2019ingresso del teatro a tutto il pubblico verr\u00e0 consegnata un\u2019apposita scheda numerata. Ai performer che avranno ottenuto il maggior gradimento dal pubblico risultando i pi\u00f9 votati in sala verr\u00e0 assegnato il <strong>Trofeo Speciale del Pubblico<\/strong>. Qualora, a causa del riproporsi della pandemia, la finale dovesse aver luogo in streaming, il pubblico potr\u00e0 comunque votare online tramite un\u2019apposita piattaforma.<\/p>\n\n\n\n<p><strong>Art. 9 \u2013 I premi<\/strong><\/p>\n\n\n\n<p>I primi classificati delle tre sezioni danza, musica e teatrosi aggiudicheranno ciascuno un trofeo artistico<strong>.&nbsp;<\/strong> Al vincitore assoluto del 5\u00b0 FVG Talent Show andr\u00e0 un premio di \u20ac 1.000,00 netti. La direzione artistica del contest vuole dare la possibilit\u00e0 ai migliori performer di essere inseriti in nuove produzioni professionali.Ai migliori cantanti lirici verr\u00e0 offerto un contratto nello spettacolo con musiche d\u2019opera che verr\u00e0 messo in scena dal Collettivo Terzo Teatro e da Gorizia Spettacoli. Cantanti e ballerini del contest parteciperanno anche agli spettacoli \u201cEmozioni\u201d, dedicato a Lucio Battisti nel 25\u00b0 della scomparsa, e \u201dLe stelle di FVG Talent Show\u201d prodotti appositamente per il cartellone 2023\/24 del 33\u00b0 Festival Internazionale \u201cCastello di Gorizia\u201d. Anche i migliori classificati della sezione \u201cTeatro\u201d verranno inseriti nelle nuove produzioni di prosa realizzate all\u2019interno del medesimo festival.&nbsp; Infine, per i migliori interpreti di danza sono previste anche borse di studio per campus e stage estivi con docenti internazionali.<\/p>\n\n\n\n<p><strong>Art. 10 \u2013 Ospitalit\u00e0<\/strong><\/p>\n\n\n\n<p>Tutti i partecipanti alla finale residenti ad oltre 150 Km da Gorizia verranno ospitati gratuitamente per un giorno in mezza pensione (un pernottamento, un pasto, una colazione) presso hotel e ristoranti scelti dall\u2019organizzazione.<\/p>\n\n\n\n<p><strong>Art. 11<\/strong><\/p>\n\n\n\n<p>La partecipazione al <em>5\u00b0<\/em> <em>FVG Talent Show<\/em> comporta la piena ed integrale accettazione del presente regolamento in ogni sua parte. L\u2019Organizzazione si riserva la facolt\u00e0 di escludere in qualunque momento i partecipanti che non si conformino alle norme del presente regolamento. Le&nbsp;<em>decisioni della Giuria sono <\/em>insindacabili e inappellabili. La Giuria si riserva la facolt\u00e0 di non assegnare qualche premio qualora non ritenga adeguato il livello artistico delle performance, oppure di assegnare premi ex aequo sulla base di valutazioni coincidenti.<\/p>\n\n\n\n<p><strong>Art. 12<\/strong><\/p>\n\n\n\n<p>Il <em>5\u00b0 FVG Talent Show <\/em>rispetter\u00e0 il Regolamento (UE) 2016\/679 del Parlamento Europeo e del Consiglio del 27 aprile 2016 in vigore dal 25.05.2018 relativo alla protezione delle persone fisiche con riguardo al trattamento dei dati personali, nonch\u00e9 alla libera circolazione di tali dati e che abroga la direttiva 95\/46\/CE) se applicabile alle associazioni. Tutti i selezionati alla fase finale dovranno pertanto firmare un apposito modulo di liberatoria sulla privacy. Per i gruppi sar\u00e0 necessaria la firma di tutti i componenti.<em><\/em><\/p>\n\n\n\n<p><a href=\"mailto:fvgtalentshow@gmail.com\"><strong>fvgtalentshow@gmail.com<\/strong><\/a><strong><\/strong><\/p>\n","protected":false},"excerpt":{"rendered":"<p>Regolamento Art. 1 &#8211; FVG Talent Show \u2013 5a Edizione Il Collettivo Terzo Teatro APS di Gorizia, con il sostegno della Regione Autonoma Friuli Venezia Giulia,<span class=\"excerpt-hellip\"> [\u2026]<\/span><\/p>\n","protected":false},"author":1,"featured_media":0,"parent":0,"menu_order":0,"comment_status":"closed","ping_status":"closed","template":"","meta":[],"_links":{"self":[{"href":"http:\/\/fvg-talentshow.it\/index.php?rest_route=\/wp\/v2\/pages\/433"}],"collection":[{"href":"http:\/\/fvg-talentshow.it\/index.php?rest_route=\/wp\/v2\/pages"}],"about":[{"href":"http:\/\/fvg-talentshow.it\/index.php?rest_route=\/wp\/v2\/types\/page"}],"author":[{"embeddable":true,"href":"http:\/\/fvg-talentshow.it\/index.php?rest_route=\/wp\/v2\/users\/1"}],"replies":[{"embeddable":true,"href":"http:\/\/fvg-talentshow.it\/index.php?rest_route=%2Fwp%2Fv2%2Fcomments&post=433"}],"version-history":[{"count":5,"href":"http:\/\/fvg-talentshow.it\/index.php?rest_route=\/wp\/v2\/pages\/433\/revisions"}],"predecessor-version":[{"id":456,"href":"http:\/\/fvg-talentshow.it\/index.php?rest_route=\/wp\/v2\/pages\/433\/revisions\/456"}],"wp:attachment":[{"href":"http:\/\/fvg-talentshow.it\/index.php?rest_route=%2Fwp%2Fv2%2Fmedia&parent=433"}],"curies":[{"name":"wp","href":"https:\/\/api.w.org\/{rel}","templated":true}]}}